{"id":2080,"date":"2023-12-27T06:23:34","date_gmt":"2023-12-27T05:23:34","guid":{"rendered":"https:\/\/thriving-sanctuary.dbc4320.deploio.app\/careers\/"},"modified":"2025-11-05T10:46:08","modified_gmt":"2025-11-05T09:46:08","slug":"careers","status":"publish","type":"page","link":"https:\/\/archive.5fcf01f.deploio.app\/de\/careers\/","title":{"rendered":"Karriere"},"content":{"rendered":"<section class=\"section-primary-cta gs_reveal\"><div class=\"container no-background\"><h2>Karriere<\/h2><p>Wir sind Nine, ein Team von Navigator*innen: Dank unserem Know-how und unserer Serviceorientierung bringen wir Sie sicher in die Schweizer Cloud.<\/p><div class=\"buttons\"><a href=\"#openpositions\" class=\"button large icon-left\" aria-label=\"In einem neuen Fenster \u00f6ffnen\">Offene Stellen ansehen<\/a><a href=\"#workingatnine\" class=\"large secondary button icon-left\" aria-label=\"In einem neuen Fenster \u00f6ffnen\">Bei Nine arbeiten<\/a><\/div><\/div><\/section>\n\n\n    <section class=\"section-featured-image\" >\n        <div class=\"container\">\n                            <img decoding=\"async\" src=\"https:\/\/archive.5fcf01f.deploio.app\/app\/uploads\/2024\/12\/IMG_9721-scaled.jpg\" alt=\"\" \/>\n                    <\/div>\n    <\/section>\n\n    \n\n\n    <section class=\"section-content-2-columns content-right\" id=\"workingatnine\">\n        <div class=\"container\">\n            <div class=\"column\">\n                                    <div class=\"tagline\">Bei Nine arbeiten<\/div>\n                                                    <h2>Wir sind Nine &#8211; ein Team von Navigator*innen<\/h2>\n                            <\/div>\n            <div class=\"column\">\n                Dank unserem Know-how und unserer Serviceorientierung bringen wir unsere Kund*innen sicher in die Schweizer Cloud.<br><br>Wir sind von den M\u00f6glichkeiten neuer Technologien \u00fcberzeugt und glauben an den Mehrwert, den das t\u00e4gliche Lernen schafft. Durch die Arbeit in einem vielf\u00e4ltigen Team wollen wir gemeinsam komplexe Herausforderungen f\u00fcr unsere Kundschaft angehen und zusammen meistern.<br><br>Unser Ziel ist eine Kultur der Einbeziehung und Transparenz, in der wir einander zuh\u00f6ren und uns zu fairen Bedingungen verpflichten, bei denen alle Mitarbeitenden die gleichen Chancen haben.            <\/div>\n        <\/div>\n    <\/section>\n\n    \n\n\n    <section class=\"section-content-2-columns content-left\" >\n        <div class=\"container\">\n            <div class=\"column\">\n                                    <div class=\"tagline\">Nine als Arbeitgeberin<\/div>\n                                                    <h2>Was wir unseren Mitarbeitenden bieten<\/h2>\n                            <\/div>\n            <div class=\"column\">\n                <strong>Arbeitsort<\/strong>: Wir haben eine individuelle Mischung aus Homeoffice und Vor-Ort-Arbeit im B\u00fcro. Unsere Mitarbeitenden haben viele M\u00f6glichkeiten, was ihre Arbeitsmittel betreffen, und finden im B\u00fcro h\u00f6henverstellbare Arbeitspl\u00e4tze vor. Damit unsere Mitarbeitenden immer die neuesten Gadgets zum Arbeiten nutzen k\u00f6nnen, unterst\u00fctzen wir sie mit einem Tech-Budget. Und nicht zuletzt befindet sich unser B\u00fcro an zentraler Lage am Stauffacher in Z\u00fcrich.<br><br><strong>Arbeitszeiten<\/strong>: Bei Nine haben wir eine 40-Stunden-Woche mit einem flexiblen Jahresarbeitszeitmodell. Es gibt 5 Wochen Ferien pro Jahr, mit der M\u00f6glichkeit eines Sabbaticals. Wir belohnen Loyalit\u00e4t und schenken den Mitarbeitenden nach jeweils 5 Jahren Betriebszugeh\u00f6rigkeit 2 Wochen Urlaub. Ausserdem erhalten sie 2 Wochen zus\u00e4tzlichen, bezahlten Urlaub bei der Geburt ihres Kindes.<br><br><strong>Pers\u00f6nliche Entwicklung<\/strong>: Wir glauben an kontinuierliche Entwicklung. Deshalb f\u00f6rdern wir interne Coachings und Brown-Bag-Sessions, die Teilnahme an Konferenzen und Fachveranstaltungen oder Weiterbildungen.<br><br><strong>Zusammenarbeit<\/strong>: Wir glauben an agile Arbeitsmethoden mit regelm\u00e4ssigen gemeinsamen Besprechungen. Wir bieten eine gem\u00fctliche Cafeteria mit kostenlosem Barista-Kaffee, Getr\u00e4nken, frischem Obst und anderen Snacks. Es gibt ein monatliches Nine-Meeting mit anschliessendem Team-Lunch sowie regelm\u00e4ssige After-Work-Drinks und Team-Events.            <\/div>\n        <\/div>\n    <\/section>\n\n    \n\n\n    <section class=\"section-content-2-columns content-right\" >\n        <div class=\"container\">\n            <div class=\"column\">\n                                    <div class=\"tagline\">Rekrutierungsprozess<\/div>\n                                                    <h2>Wie man ein*e 9er*in wird<\/h2>\n                            <\/div>\n            <div class=\"column\">\n                <strong>Erstes Gespr\u00e4ch<\/strong>: Unser erstes Gespr\u00e4ch ist ein Videoanruf, der in der Regel etwa 30 Minuten dauert und mit potenziellen Vorgesetzten sowie der HR-Abteilung stattfindet. In diesem Austausch befragen wir die\/den Kandidat*in zu Themen, die f\u00fcr uns wesentlich f\u00fcr die jeweilige Position sind. Das strukturierte Interview ist individuell auf die Stelle zugeschnitten und hilft uns, objektiv herauszufinden, ob Sie die vordefinierten Anforderungen f\u00fcr die Stelle in fachlicher, aber auch in pers\u00f6nlicher Hinsicht erf\u00fcllen k\u00f6nnen und ob Ihre Erwartungen zu unserer Unternehmenskultur passen. Es bleibt aber auch gen\u00fcgend Zeit f\u00fcr die\/den Kandidat*in, um Fragen zu stellen und herauszufinden, ob unsere offene Stelle ihren\/seinen Anforderungen entspricht.<br><br><strong>Workshop<\/strong>: Das zweite Gespr\u00e4ch findet, wenn m\u00f6glich, in unserem B\u00fcro statt. Vor dem Gespr\u00e4ch erh\u00e4lt die\/der Kandidat*in eine spezielle Aufgabe, die ihn\/sie auf das Gespr\u00e4ch vorbereitet. So erhalten Sie einen konkreten Einblick in die Themen und Aufgaben, die Sie in Ihrer neuen Rolle erwarten k\u00f6nnten. W\u00e4hrend des Workshops vor Ort haben Sie dann die M\u00f6glichkeit, Ihren L\u00f6sungsvorschlag zu pr\u00e4sentieren und Ideen mit mehreren Mitarbeitenden des Teams auszutauschen.<br><br><strong>Abschliessendes Gespr\u00e4ch<\/strong>: Zu diesem Zeitpunkt haben wir ein Angebot parat und wir nutzen das Gespr\u00e4ch, um die gemeinsame Zukunft als 9er*in zu planen.            <\/div>\n        <\/div>\n    <\/section>\n\n    \n\n\n    <div class=\"page-header\" id=\"openpositions\">\n        <div class=\"container\">\n            <h1>Offene Stellen<\/h1>\n            <p>Sind Sie an einer unserer offenen Stellen interessiert und motiviert f\u00fcr eine Bewerbung? Das freut uns sehr! Nachfolgend sind alle derzeit offenen Stellen bei Nine aufgelistet.<\/p>\n        <\/div>\n    <\/div>\n\n    \n\n<section class=\"section-primary-cta gs_reveal\"><div class=\"container\" style=\"background-color: #ffffff;\"><h2>HR &amp; Event Admin (50 &#8211; 60%)<\/h2><p>Festanstellung, Teilzeitpensum, B\u00fcro in Z\u00fcrich<\/p><div class=\"buttons\"><a href=\"https:\/\/nine-internet-solutions-ag.jobs.personio.de\/job\/2415460?language=de&#038;display=de\" class=\"button large icon-left\" aria-label=\"In einem neuen Fenster \u00f6ffnen\">Weitere Informationen<\/a><a href=\"https:\/\/nine-internet-solutions-ag.jobs.personio.de\/job\/2415460?display=de&#038;language=de#apply\" class=\"large secondary button icon-left\" aria-label=\"In einem neuen Fenster \u00f6ffnen\">Bewerben<\/a><\/div><\/div><\/section>\n\n<section class=\"section-primary-cta gs_reveal\"><div class=\"container\" style=\"background-color: #ffffff;\"><h2>Keine passende Stelle gefunden?<\/h2><p>Keine Sorge! Reichen Sie Ihren CV per Mail ein, denn wir freuen uns immer \u00fcber Initiativbewerbungen von interessanten Kandidat*innen.<\/p><div class=\"buttons\"><a href=\"mailto:job@nine.ch\" class=\"button large icon-left\" aria-label=\"In einem neuen Fenster \u00f6ffnen\">Kontakt aufnehmen<\/a><\/div><\/div><\/section>","protected":false},"excerpt":{"rendered":"","protected":false},"author":1,"featured_media":0,"parent":0,"menu_order":0,"comment_status":"closed","ping_status":"closed","template":"","meta":{"_acf_changed":false,"footnotes":""},"class_list":["post-2080","page","type-page","status-publish","hentry"],"acf":[],"yoast_head":"<!-- This site is optimized with the Yoast SEO plugin v26.6 - https:\/\/yoast.com\/wordpress\/plugins\/seo\/ -->\n<title>Karriere - Nine<\/title>\n<meta name=\"robots\" content=\"index, follow, max-snippet:-1, max-image-preview:large, max-video-preview:-1\" \/>\n<link rel=\"canonical\" href=\"https:\/\/nine.ch\/de\/careers\/\" \/>\n<meta property=\"og:locale\" content=\"de_DE\" \/>\n<meta property=\"og:type\" content=\"article\" \/>\n<meta property=\"og:title\" content=\"Karriere - Nine\" \/>\n<meta property=\"og:url\" content=\"https:\/\/nine.ch\/de\/careers\/\" \/>\n<meta property=\"og:site_name\" content=\"Nine\" \/>\n<meta property=\"article:publisher\" content=\"https:\/\/www.facebook.com\/NineInternetSolutionsAG\" \/>\n<meta property=\"article:modified_time\" content=\"2025-11-05T09:46:08+00:00\" \/>\n<meta name=\"twitter:card\" content=\"summary_large_image\" \/>\n<meta name=\"twitter:site\" content=\"@nine_ch\" \/>\n<meta name=\"twitter:label1\" content=\"Est. reading time\" \/>\n\t<meta name=\"twitter:data1\" content=\"1 minute\" \/>\n<script type=\"application\/ld+json\" class=\"yoast-schema-graph\">{\"@context\":\"https:\/\/schema.org\",\"@graph\":[{\"@type\":\"WebPage\",\"@id\":\"https:\/\/nine.ch\/de\/careers\/\",\"url\":\"https:\/\/nine.ch\/de\/careers\/\",\"name\":\"Karriere - Nine\",\"isPartOf\":{\"@id\":\"https:\/\/nine.ch\/#website\"},\"datePublished\":\"2023-12-27T05:23:34+00:00\",\"dateModified\":\"2025-11-05T09:46:08+00:00\",\"breadcrumb\":{\"@id\":\"https:\/\/nine.ch\/de\/careers\/#breadcrumb\"},\"inLanguage\":\"de-DE\",\"potentialAction\":[{\"@type\":\"ReadAction\",\"target\":[\"https:\/\/nine.ch\/de\/careers\/\"]}]},{\"@type\":\"BreadcrumbList\",\"@id\":\"https:\/\/nine.ch\/de\/careers\/#breadcrumb\",\"itemListElement\":[{\"@type\":\"ListItem\",\"position\":1,\"name\":\"Home\",\"item\":\"https:\/\/nine.ch\/de\/\"},{\"@type\":\"ListItem\",\"position\":2,\"name\":\"Karriere\"}]},{\"@type\":\"WebSite\",\"@id\":\"https:\/\/nine.ch\/#website\",\"url\":\"https:\/\/nine.ch\/\",\"name\":\"Nine\",\"description\":\"Cloud Navigators\",\"publisher\":{\"@id\":\"https:\/\/nine.ch\/#organization\"},\"potentialAction\":[{\"@type\":\"SearchAction\",\"target\":{\"@type\":\"EntryPoint\",\"urlTemplate\":\"https:\/\/nine.ch\/?s={search_term_string}\"},\"query-input\":{\"@type\":\"PropertyValueSpecification\",\"valueRequired\":true,\"valueName\":\"search_term_string\"}}],\"inLanguage\":\"de-DE\"},{\"@type\":\"Organization\",\"@id\":\"https:\/\/nine.ch\/#organization\",\"name\":\"Nine\",\"url\":\"https:\/\/nine.ch\/\",\"logo\":{\"@type\":\"ImageObject\",\"inLanguage\":\"de-DE\",\"@id\":\"https:\/\/nine.ch\/#\/schema\/logo\/image\/\",\"url\":\"https:\/\/archive.5fcf01f.deploio.app\/app\/uploads\/2023\/11\/Logo-SVG.svg\",\"contentUrl\":\"https:\/\/archive.5fcf01f.deploio.app\/app\/uploads\/2023\/11\/Logo-SVG.svg\",\"caption\":\"Nine\"},\"image\":{\"@id\":\"https:\/\/nine.ch\/#\/schema\/logo\/image\/\"},\"sameAs\":[\"https:\/\/www.facebook.com\/NineInternetSolutionsAG\",\"https:\/\/x.com\/nine_ch\"]}]}<\/script>\n<!-- \/ Yoast SEO plugin. -->","yoast_head_json":{"title":"Karriere - Nine","robots":{"index":"index","follow":"follow","max-snippet":"max-snippet:-1","max-image-preview":"max-image-preview:large","max-video-preview":"max-video-preview:-1"},"canonical":"https:\/\/nine.ch\/de\/careers\/","og_locale":"de_DE","og_type":"article","og_title":"Karriere - Nine","og_url":"https:\/\/nine.ch\/de\/careers\/","og_site_name":"Nine","article_publisher":"https:\/\/www.facebook.com\/NineInternetSolutionsAG","article_modified_time":"2025-11-05T09:46:08+00:00","twitter_card":"summary_large_image","twitter_site":"@nine_ch","twitter_misc":{"Est. reading time":"1 minute"},"schema":{"@context":"https:\/\/schema.org","@graph":[{"@type":"WebPage","@id":"https:\/\/nine.ch\/de\/careers\/","url":"https:\/\/nine.ch\/de\/careers\/","name":"Karriere - Nine","isPartOf":{"@id":"https:\/\/nine.ch\/#website"},"datePublished":"2023-12-27T05:23:34+00:00","dateModified":"2025-11-05T09:46:08+00:00","breadcrumb":{"@id":"https:\/\/nine.ch\/de\/careers\/#breadcrumb"},"inLanguage":"de-DE","potentialAction":[{"@type":"ReadAction","target":["https:\/\/nine.ch\/de\/careers\/"]}]},{"@type":"BreadcrumbList","@id":"https:\/\/nine.ch\/de\/careers\/#breadcrumb","itemListElement":[{"@type":"ListItem","position":1,"name":"Home","item":"https:\/\/nine.ch\/de\/"},{"@type":"ListItem","position":2,"name":"Karriere"}]},{"@type":"WebSite","@id":"https:\/\/nine.ch\/#website","url":"https:\/\/nine.ch\/","name":"Nine","description":"Cloud Navigators","publisher":{"@id":"https:\/\/nine.ch\/#organization"},"potentialAction":[{"@type":"SearchAction","target":{"@type":"EntryPoint","urlTemplate":"https:\/\/nine.ch\/?s={search_term_string}"},"query-input":{"@type":"PropertyValueSpecification","valueRequired":true,"valueName":"search_term_string"}}],"inLanguage":"de-DE"},{"@type":"Organization","@id":"https:\/\/nine.ch\/#organization","name":"Nine","url":"https:\/\/nine.ch\/","logo":{"@type":"ImageObject","inLanguage":"de-DE","@id":"https:\/\/nine.ch\/#\/schema\/logo\/image\/","url":"https:\/\/archive.5fcf01f.deploio.app\/app\/uploads\/2023\/11\/Logo-SVG.svg","contentUrl":"https:\/\/archive.5fcf01f.deploio.app\/app\/uploads\/2023\/11\/Logo-SVG.svg","caption":"Nine"},"image":{"@id":"https:\/\/nine.ch\/#\/schema\/logo\/image\/"},"sameAs":["https:\/\/www.facebook.com\/NineInternetSolutionsAG","https:\/\/x.com\/nine_ch"]}]}},"_links":{"self":[{"href":"https:\/\/archive.5fcf01f.deploio.app\/de\/wp-json\/wp\/v2\/pages\/2080","targetHints":{"allow":["GET"]}}],"collection":[{"href":"https:\/\/archive.5fcf01f.deploio.app\/de\/wp-json\/wp\/v2\/pages"}],"about":[{"href":"https:\/\/archive.5fcf01f.deploio.app\/de\/wp-json\/wp\/v2\/types\/page"}],"author":[{"embeddable":true,"href":"https:\/\/archive.5fcf01f.deploio.app\/de\/wp-json\/wp\/v2\/users\/1"}],"replies":[{"embeddable":true,"href":"https:\/\/archive.5fcf01f.deploio.app\/de\/wp-json\/wp\/v2\/comments?post=2080"}],"version-history":[{"count":1,"href":"https:\/\/archive.5fcf01f.deploio.app\/de\/wp-json\/wp\/v2\/pages\/2080\/revisions"}],"predecessor-version":[{"id":4485,"href":"https:\/\/archive.5fcf01f.deploio.app\/de\/wp-json\/wp\/v2\/pages\/2080\/revisions\/4485"}],"wp:attachment":[{"href":"https:\/\/archive.5fcf01f.deploio.app\/de\/wp-json\/wp\/v2\/media?parent=2080"}],"curies":[{"name":"wp","href":"https:\/\/api.w.org\/{rel}","templated":true}]}}